{"id":13,"date":"2015-02-20T00:00:01","date_gmt":"2015-02-20T00:00:01","guid":{"rendered":"https:\/\/www.casinohighlights.com\/en\/?page_id=13"},"modified":"2022-11-16T12:35:22","modified_gmt":"2022-11-16T11:35:22","slug":"hem","status":"publish","type":"page","link":"https:\/\/www.casinohighlights.com\/se\/","title":{"rendered":"Hem"},"content":{"rendered":"\r\n<h1 class=\"wp-block-heading\">V\u00e4lkommen till Casino Highlights!<\/h1>\r\n\r\n\r\n\r\n<p>Casino Highlights \u00e4r ett digitalt magasin som bevakar nyheter inom onlinecasinos.<\/p>\r\n\r\n\r\n\r\n<p>V\u00e5rt uppdrag \u00e4r att erbjuda de b\u00e4sta artiklarna, intervjuerna recensionerna samt de senaste nyheterna fr\u00e5n casinobranschen. Vi siktar ocks\u00e5 p\u00e5 att bli den plats dit spelare kommer f\u00f6r att l\u00e4sa det senaste.<\/p>\r\n\r\n\r\n\r\n<p>V\u00e5rt huvudfokus ligger p\u00e5 onlineslottar samt dess funktioner och egenskaper. Via v\u00e5rt n\u00e4tverk kan vi erbjuda unikt och exklusivt inneh\u00e5ll samt information fr\u00e5n bakom kulisserna fr\u00e5n produktionsteamen bakom slottarna.<\/p>\r\n\r\n\r\n\r\n<p>V\u00e5rt team har omfattande erfarenhet fr\u00e5n\u00a0branschen, efter \u00e5tskilliga \u00e5r i produktionsteam som producerar slottar. Vi vet ocks\u00e5 att dessa team l\u00e4gger ned mycket tid och energi p\u00e5 att\u00a0g\u00f6ra spelupplevelsen b\u00e4ttre.\u00a0Via Casino Highlights vill vi belysa dessa egenskaper och funktioner f\u00f6r att ge tillbaka lite credit till dessa fantastiska team.<\/p>\r\n","protected":false},"excerpt":{"rendered":"<p>V\u00e4lkommen till Casino Highlights!<\/p>\n<p>Casino Highlights \u00e4r ett digitalt magasin som bevakar nyheter inom onlinecasinos.<\/p>\n","protected":false},"author":1,"featured_media":0,"parent":0,"menu_order":0,"comment_status":"closed","ping_status":"closed","template":"template-start.php","meta":{"_yoast_wpseo_title":"","_yoast_wpseo_metadesc":"","_yoast_wpseo_focuskw":"","footnotes":""},"class_list":["post-13","page","type-page","status-publish","hentry"],"_links":{"self":[{"href":"https:\/\/www.casinohighlights.com\/se\/wp-json\/wp\/v2\/pages\/13","targetHints":{"allow":["GET"]}}],"collection":[{"href":"https:\/\/www.casinohighlights.com\/se\/wp-json\/wp\/v2\/pages"}],"about":[{"href":"https:\/\/www.casinohighlights.com\/se\/wp-json\/wp\/v2\/types\/page"}],"author":[{"embeddable":true,"href":"https:\/\/www.casinohighlights.com\/se\/wp-json\/wp\/v2\/users\/1"}],"replies":[{"embeddable":true,"href":"https:\/\/www.casinohighlights.com\/se\/wp-json\/wp\/v2\/comments?post=13"}],"version-history":[{"count":5,"href":"https:\/\/www.casinohighlights.com\/se\/wp-json\/wp\/v2\/pages\/13\/revisions"}],"predecessor-version":[{"id":2970,"href":"https:\/\/www.casinohighlights.com\/se\/wp-json\/wp\/v2\/pages\/13\/revisions\/2970"}],"wp:attachment":[{"href":"https:\/\/www.casinohighlights.com\/se\/wp-json\/wp\/v2\/media?parent=13"}],"curies":[{"name":"wp","href":"https:\/\/api.w.org\/{rel}","templated":true}]}}