{"id":2414,"date":"2018-03-30T21:32:46","date_gmt":"2018-03-30T19:32:46","guid":{"rendered":"https:\/\/www.casinohighlights.com\/se\/?page_id=2414"},"modified":"2018-03-30T21:33:40","modified_gmt":"2018-03-30T19:33:40","slug":"slottar","status":"publish","type":"page","link":"https:\/\/www.casinohighlights.com\/se\/slottar\/","title":{"rendered":"Bl\u00e4ddra bland slottar"},"content":{"rendered":"<section class=\"slotlist_container page_section\">\n\t\t\t<h2>B\u00e4sta slottarna 2018<\/h2>\n\t\t\n\t<div class=\"slots\">\n\t\t\n\t\t\t\t\t\t\t\t\t\n\t\t\t<article class=\"slotitem\" data-mh=\"list_slotitem\">\n\n\t\t\t\t<span class=\"counter\">1<\/span>\n\n\t\t\t\t\t\t\t\t\t<div class=\"post_image\">\n\t\t\t\t\t\t<a href=\"https:\/\/www.casinohighlights.com\/se\/slots\/gorilla-go-wild\/\" title=\"Gorilla Go Wild\">\n\t\t\t\t\t\t\t\t\t\t\t\t\t\t<img decoding=\"async\" src=\"https:\/\/www.casinohighlights.com\/se\/wp-content\/themes\/casinohighlights\/library\/img\/placeholder-455x240_transp.gif\" data-src=\"https:\/\/www.casinohighlights.com\/se\/wp-content\/uploads\/sites\/3\/2014\/09\/gorilla-go-wild-slot-nextgen-gaming-455x240.jpg\" class=\"b-lazy\" alt=\"Gorilla Go Wild slottrecension\" \/>\t\t\t\t\t\t<\/a>\n\t\t\t\t\t<\/div>\n\t\t\t\t\t\n\n\t\t\t\t<div class=\"content\">\n\t\t\t\t\t\n\t\t\t\t\t<h2><a href=\"https:\/\/www.casinohighlights.com\/se\/slots\/gorilla-go-wild\/\" rel=\"bookmark\" title=\"Gorilla Go Wild recension\">Gorilla Go Wild<\/a><\/h2>\n\t\t\n\t\t\t\t\t<div class=\"score\">\n\t\t\t\t\t\t<span class=\"number\">8.8<\/span>\n\t\t\t\t\t\t<span class=\"stars\">\n\t\t\t\t\t\t<i class=\"fas fa-star empty-star\"><\/i><i class=\"fas fa-star\"><\/i><i class=\"fas fa-star\"><\/i><i class=\"fas fa-star\"><\/i><i class=\"fas fa-star\"><\/i><i class=\"fas fa-star\"><\/i><i class=\"fas fa-star\"><\/i><i class=\"fas fa-star\"><\/i><i class=\"fas fa-star\"><\/i><i class=\"fas fa-star\"><\/i>\t\t\t\t\t\t<\/span>\n\t\t\t\t\t<\/div>\n\t\t\t\t\t\n\t\t\t\t\t<div class=\"buttons\">\n\t\t\t\t\t\t<a href=\"https:\/\/www.casinohighlights.com\/se\/slots\/gorilla-go-wild\/\" rel=\"bookmark\" class=\"button\" title=\"Gorilla Go Wild recension\">Recension<\/a>\n\t\t\t\t\t\t\t\t\t\t\t\t\t\t\t\t\t\t\t<a href=\"https:\/\/www.casinohighlights.com\/se\/go\/green\/\" rel=\"nofollow\" title=\"Spela nu\" class=\"button button_green\">Spela nu<\/a>\n\t\t\t\t\t\t\t\t\t\t\t<\/div>\n\t\t\t\t<\/div>    \n\t\t\t<\/article>\t\t\n\t\t\n\t\t\t\t\t\t\t\t\t\n\t\t\t<article class=\"slotitem\" data-mh=\"list_slotitem\">\n\n\t\t\t\t<span class=\"counter\">2<\/span>\n\n\t\t\t\t\t\t\t\t\t<div class=\"post_image\">\n\t\t\t\t\t\t<a href=\"https:\/\/www.casinohighlights.com\/se\/slots\/well-of-wonders\/\" title=\"Well of Wonders\">\n\t\t\t\t\t\t\t\t\t\t\t\t\t\t<img decoding=\"async\" src=\"https:\/\/www.casinohighlights.com\/se\/wp-content\/themes\/casinohighlights\/library\/img\/placeholder-455x240_transp.gif\" data-src=\"https:\/\/www.casinohighlights.com\/se\/wp-content\/uploads\/sites\/3\/2018\/04\/201804well-of-wonders-slot-thunderkick-455x240.jpg\" class=\"b-lazy\" alt=\"Well of Wonders slottrecension\" \/>\t\t\t\t\t\t<\/a>\n\t\t\t\t\t<\/div>\n\t\t\t\t\t\n\n\t\t\t\t<div class=\"content\">\n\t\t\t\t\t\n\t\t\t\t\t<h2><a href=\"https:\/\/www.casinohighlights.com\/se\/slots\/well-of-wonders\/\" rel=\"bookmark\" title=\"Well of Wonders recension\">Well of Wonders<\/a><\/h2>\n\t\t\n\t\t\t\t\t<div class=\"score\">\n\t\t\t\t\t\t<span class=\"number\">8.5<\/span>\n\t\t\t\t\t\t<span class=\"stars\">\n\t\t\t\t\t\t<i class=\"fas fa-star empty-star\"><\/i><span class=\"half-star\"><i class=\"fas fa-star\"><\/i><i class=\"fas fa-star-half\"><\/i><\/span><i class=\"fas fa-star\"><\/i><i class=\"fas fa-star\"><\/i><i class=\"fas fa-star\"><\/i><i class=\"fas fa-star\"><\/i><i class=\"fas fa-star\"><\/i><i class=\"fas fa-star\"><\/i><i class=\"fas fa-star\"><\/i><i class=\"fas fa-star\"><\/i>\t\t\t\t\t\t<\/span>\n\t\t\t\t\t<\/div>\n\t\t\t\t\t\n\t\t\t\t\t<div class=\"buttons\">\n\t\t\t\t\t\t<a href=\"https:\/\/www.casinohighlights.com\/se\/slots\/well-of-wonders\/\" rel=\"bookmark\" class=\"button\" title=\"Well of Wonders recension\">Recension<\/a>\n\t\t\t\t\t\t\t\t\t\t\t\t\t\t\t\t\t\t\t<a href=\"https:\/\/www.casinohighlights.com\/se\/go\/green\/\" rel=\"nofollow\" title=\"Spela nu\" class=\"button button_green\">Spela nu<\/a>\n\t\t\t\t\t\t\t\t\t\t\t<\/div>\n\t\t\t\t<\/div>    \n\t\t\t<\/article>\t\t\n\t\t\n\t\t\t\t\t\t\t\t\t\n\t\t\t<article class=\"slotitem\" data-mh=\"list_slotitem\">\n\n\t\t\t\t<span class=\"counter\">3<\/span>\n\n\t\t\t\t\t\t\t\t\t<div class=\"post_image\">\n\t\t\t\t\t\t<a href=\"https:\/\/www.casinohighlights.com\/se\/slots\/wild-north\/\" title=\"Wild North\">\n\t\t\t\t\t\t\t\t\t\t\t\t\t\t<img decoding=\"async\" src=\"https:\/\/www.casinohighlights.com\/se\/wp-content\/themes\/casinohighlights\/library\/img\/placeholder-455x240_transp.gif\" data-src=\"https:\/\/www.casinohighlights.com\/se\/wp-content\/uploads\/sites\/3\/2015\/11\/wild-north-slot-play-n-go-455x240.png\" class=\"b-lazy\" alt=\"Wild North slottrecension\" \/>\t\t\t\t\t\t<\/a>\n\t\t\t\t\t<\/div>\n\t\t\t\t\t\n\n\t\t\t\t<div class=\"content\">\n\t\t\t\t\t\n\t\t\t\t\t<h2><a href=\"https:\/\/www.casinohighlights.com\/se\/slots\/wild-north\/\" rel=\"bookmark\" title=\"Wild North recension\">Wild North<\/a><\/h2>\n\t\t\n\t\t\t\t\t<div class=\"score\">\n\t\t\t\t\t\t<span class=\"number\">8.3<\/span>\n\t\t\t\t\t\t<span class=\"stars\">\n\t\t\t\t\t\t<i class=\"fas fa-star empty-star\"><\/i><span class=\"half-star\"><i class=\"fas fa-star\"><\/i><i class=\"fas fa-star-half\"><\/i><\/span><i class=\"fas fa-star\"><\/i><i class=\"fas fa-star\"><\/i><i class=\"fas fa-star\"><\/i><i class=\"fas fa-star\"><\/i><i class=\"fas fa-star\"><\/i><i class=\"fas fa-star\"><\/i><i class=\"fas fa-star\"><\/i><i class=\"fas fa-star\"><\/i>\t\t\t\t\t\t<\/span>\n\t\t\t\t\t<\/div>\n\t\t\t\t\t\n\t\t\t\t\t<div class=\"buttons\">\n\t\t\t\t\t\t<a href=\"https:\/\/www.casinohighlights.com\/se\/slots\/wild-north\/\" rel=\"bookmark\" class=\"button\" title=\"Wild North recension\">Recension<\/a>\n\t\t\t\t\t\t\t\t\t\t\t\t\t\t\t\t\t\t\t<a href=\"https:\/\/www.casinohighlights.com\/se\/go\/playojo\/\" rel=\"nofollow\" title=\"Spela nu\" class=\"button button_green\">Spela nu<\/a>\n\t\t\t\t\t\t\t\t\t\t\t<\/div>\n\t\t\t\t<\/div>    \n\t\t\t<\/article>\t\t\n\t\t\n\t\t\t\t\t\t\t\t\t\n\t\t\t<article class=\"slotitem\" data-mh=\"list_slotitem\">\n\n\t\t\t\t<span class=\"counter\">4<\/span>\n\n\t\t\t\t\t\t\t\t\t<div class=\"post_image\">\n\t\t\t\t\t\t<a href=\"https:\/\/www.casinohighlights.com\/se\/slots\/starburst\/\" title=\"Starburst\">\n\t\t\t\t\t\t\t\t\t\t\t\t\t\t<img decoding=\"async\" src=\"https:\/\/www.casinohighlights.com\/se\/wp-content\/themes\/casinohighlights\/library\/img\/placeholder-455x240_transp.gif\" data-src=\"https:\/\/www.casinohighlights.com\/se\/wp-content\/uploads\/sites\/3\/2015\/11\/starburst-slot-net-entertainment-455x240.png\" class=\"b-lazy\" alt=\"Starburst slottrecension\" \/>\t\t\t\t\t\t<\/a>\n\t\t\t\t\t<\/div>\n\t\t\t\t\t\n\n\t\t\t\t<div class=\"content\">\n\t\t\t\t\t\n\t\t\t\t\t<h2><a href=\"https:\/\/www.casinohighlights.com\/se\/slots\/starburst\/\" rel=\"bookmark\" title=\"Starburst recension\">Starburst<\/a><\/h2>\n\t\t\n\t\t\t\t\t<div class=\"score\">\n\t\t\t\t\t\t<span class=\"number\">7.5<\/span>\n\t\t\t\t\t\t<span class=\"stars\">\n\t\t\t\t\t\t<i class=\"fas fa-star empty-star\"><\/i><i class=\"fas fa-star empty-star\"><\/i><span class=\"half-star\"><i class=\"fas fa-star\"><\/i><i class=\"fas fa-star-half\"><\/i><\/span><i class=\"fas fa-star\"><\/i><i class=\"fas fa-star\"><\/i><i class=\"fas fa-star\"><\/i><i class=\"fas fa-star\"><\/i><i class=\"fas fa-star\"><\/i><i class=\"fas fa-star\"><\/i><i class=\"fas fa-star\"><\/i>\t\t\t\t\t\t<\/span>\n\t\t\t\t\t<\/div>\n\t\t\t\t\t\n\t\t\t\t\t<div class=\"buttons\">\n\t\t\t\t\t\t<a href=\"https:\/\/www.casinohighlights.com\/se\/slots\/starburst\/\" rel=\"bookmark\" class=\"button\" title=\"Starburst recension\">Recension<\/a>\n\t\t\t\t\t\t\t\t\t\t\t\t\t\t\t\t\t\t\t<a href=\"https:\/\/www.casinohighlights.com\/se\/go\/playojo\/\" rel=\"nofollow\" title=\"Spela nu\" class=\"button button_green\">Spela nu<\/a>\n\t\t\t\t\t\t\t\t\t\t\t<\/div>\n\t\t\t\t<\/div>    \n\t\t\t<\/article>\t\t\n\t\t\n\t\t\t\t\t\t\t\t\t\n\t\t\t<article class=\"slotitem\" data-mh=\"list_slotitem\">\n\n\t\t\t\t<span class=\"counter\">5<\/span>\n\n\t\t\t\t\t\t\t\t\t<div class=\"post_image\">\n\t\t\t\t\t\t<a href=\"https:\/\/www.casinohighlights.com\/se\/slots\/steam-tower\/\" title=\"Steam Tower\">\n\t\t\t\t\t\t\t\t\t\t\t\t\t\t<img decoding=\"async\" src=\"https:\/\/www.casinohighlights.com\/se\/wp-content\/themes\/casinohighlights\/library\/img\/placeholder-455x240_transp.gif\" data-src=\"https:\/\/www.casinohighlights.com\/se\/wp-content\/uploads\/sites\/3\/2015\/02\/steam-tower-netent-slot-455x240.jpg\" class=\"b-lazy\" alt=\"Steam Tower slottrecension\" \/>\t\t\t\t\t\t<\/a>\n\t\t\t\t\t<\/div>\n\t\t\t\t\t\n\n\t\t\t\t<div class=\"content\">\n\t\t\t\t\t\n\t\t\t\t\t<h2><a href=\"https:\/\/www.casinohighlights.com\/se\/slots\/steam-tower\/\" rel=\"bookmark\" title=\"Steam Tower recension\">Steam Tower<\/a><\/h2>\n\t\t\n\t\t\t\t\t<div class=\"score\">\n\t\t\t\t\t\t<span class=\"number\">7<\/span>\n\t\t\t\t\t\t<span class=\"stars\">\n\t\t\t\t\t\t<i class=\"fas fa-star empty-star\"><\/i><i class=\"fas fa-star empty-star\"><\/i><i class=\"fas fa-star empty-star\"><\/i><i class=\"fas fa-star\"><\/i><i class=\"fas fa-star\"><\/i><i class=\"fas fa-star\"><\/i><i class=\"fas fa-star\"><\/i><i class=\"fas fa-star\"><\/i><i class=\"fas fa-star\"><\/i><i class=\"fas fa-star\"><\/i>\t\t\t\t\t\t<\/span>\n\t\t\t\t\t<\/div>\n\t\t\t\t\t\n\t\t\t\t\t<div class=\"buttons\">\n\t\t\t\t\t\t<a href=\"https:\/\/www.casinohighlights.com\/se\/slots\/steam-tower\/\" rel=\"bookmark\" class=\"button\" title=\"Steam Tower recension\">Recension<\/a>\n\t\t\t\t\t\t\t\t\t\t\t\t\t\t\t\t\t\t\t<a href=\"https:\/\/www.casinohighlights.com\/se\/go\/playojo\/\" rel=\"nofollow\" title=\"Spela nu\" class=\"button button_green\">Spela nu<\/a>\n\t\t\t\t\t\t\t\t\t\t\t<\/div>\n\t\t\t\t<\/div>    \n\t\t\t<\/article>\t\t\n\t\t\n\t\t\t\t\t\t\t\t\t\n\t\t\t<article class=\"slotitem\" data-mh=\"list_slotitem\">\n\n\t\t\t\t<span class=\"counter\">6<\/span>\n\n\t\t\t\t\t\t\t\t\t<div class=\"post_image\">\n\t\t\t\t\t\t<a href=\"https:\/\/www.casinohighlights.com\/se\/slots\/koi-princess-2\/\" title=\"Koi Princess\">\n\t\t\t\t\t\t\t\t\t\t\t\t\t\t<img decoding=\"async\" src=\"https:\/\/www.casinohighlights.com\/se\/wp-content\/themes\/casinohighlights\/library\/img\/placeholder-455x240_transp.gif\" data-src=\"https:\/\/www.casinohighlights.com\/se\/wp-content\/uploads\/sites\/3\/2015\/11\/koi-princess-slot-net-entertainment-455x240.png\" class=\"b-lazy\" alt=\"Koi Princess slottrecension\" \/>\t\t\t\t\t\t<\/a>\n\t\t\t\t\t<\/div>\n\t\t\t\t\t\n\n\t\t\t\t<div class=\"content\">\n\t\t\t\t\t\n\t\t\t\t\t<h2><a href=\"https:\/\/www.casinohighlights.com\/se\/slots\/koi-princess-2\/\" rel=\"bookmark\" title=\"Koi Princess recension\">Koi Princess<\/a><\/h2>\n\t\t\n\t\t\t\t\t<div class=\"score\">\n\t\t\t\t\t\t<span class=\"number\">6.5<\/span>\n\t\t\t\t\t\t<span class=\"stars\">\n\t\t\t\t\t\t<i class=\"fas fa-star empty-star\"><\/i><i class=\"fas fa-star empty-star\"><\/i><i class=\"fas fa-star empty-star\"><\/i><span class=\"half-star\"><i class=\"fas fa-star\"><\/i><i class=\"fas fa-star-half\"><\/i><\/span><i class=\"fas fa-star\"><\/i><i class=\"fas fa-star\"><\/i><i class=\"fas fa-star\"><\/i><i class=\"fas fa-star\"><\/i><i class=\"fas fa-star\"><\/i><i class=\"fas fa-star\"><\/i>\t\t\t\t\t\t<\/span>\n\t\t\t\t\t<\/div>\n\t\t\t\t\t\n\t\t\t\t\t<div class=\"buttons\">\n\t\t\t\t\t\t<a href=\"https:\/\/www.casinohighlights.com\/se\/slots\/koi-princess-2\/\" rel=\"bookmark\" class=\"button\" title=\"Koi Princess recension\">Recension<\/a>\n\t\t\t\t\t\t\t\t\t\t\t\t\t\t\t\t\t\t\t<a href=\"https:\/\/www.casinohighlights.com\/se\/go\/playojo\/\" rel=\"nofollow\" title=\"Spela nu\" class=\"button button_green\">Spela nu<\/a>\n\t\t\t\t\t\t\t\t\t\t\t<\/div>\n\t\t\t\t<\/div>    \n\t\t\t<\/article>\t\t\n\t\t\n\t\t\t\t\t\t\t\t\t\n\t\t\t<article class=\"slotitem\" data-mh=\"list_slotitem\">\n\n\t\t\t\t<span class=\"counter\">7<\/span>\n\n\t\t\t\t\t\t\t\t\t<div class=\"post_image\">\n\t\t\t\t\t\t<a href=\"https:\/\/www.casinohighlights.com\/se\/slots\/gonzos-quest\/\" title=\"Gonzo&#8217;s Quest\">\n\t\t\t\t\t\t\t\t\t\t\t\t\t\t<img decoding=\"async\" src=\"https:\/\/www.casinohighlights.com\/se\/wp-content\/themes\/casinohighlights\/library\/img\/placeholder-455x240_transp.gif\" data-src=\"https:\/\/www.casinohighlights.com\/se\/wp-content\/uploads\/sites\/3\/2015\/11\/gonzos-quest-slot-net-entertainment-455x240.png\" class=\"b-lazy\" alt=\"Gonzo&#8217;s Quest slottrecension\" \/>\t\t\t\t\t\t<\/a>\n\t\t\t\t\t<\/div>\n\t\t\t\t\t\n\n\t\t\t\t<div class=\"content\">\n\t\t\t\t\t\n\t\t\t\t\t<h2><a href=\"https:\/\/www.casinohighlights.com\/se\/slots\/gonzos-quest\/\" rel=\"bookmark\" title=\"Gonzo&#8217;s Quest recension\">Gonzo&#8217;s Quest<\/a><\/h2>\n\t\t\n\t\t\t\t\t<div class=\"score\">\n\t\t\t\t\t\t<span class=\"number\">6.5<\/span>\n\t\t\t\t\t\t<span class=\"stars\">\n\t\t\t\t\t\t<i class=\"fas fa-star empty-star\"><\/i><i class=\"fas fa-star empty-star\"><\/i><i class=\"fas fa-star empty-star\"><\/i><span class=\"half-star\"><i class=\"fas fa-star\"><\/i><i class=\"fas fa-star-half\"><\/i><\/span><i class=\"fas fa-star\"><\/i><i class=\"fas fa-star\"><\/i><i class=\"fas fa-star\"><\/i><i class=\"fas fa-star\"><\/i><i class=\"fas fa-star\"><\/i><i class=\"fas fa-star\"><\/i>\t\t\t\t\t\t<\/span>\n\t\t\t\t\t<\/div>\n\t\t\t\t\t\n\t\t\t\t\t<div class=\"buttons\">\n\t\t\t\t\t\t<a href=\"https:\/\/www.casinohighlights.com\/se\/slots\/gonzos-quest\/\" rel=\"bookmark\" class=\"button\" title=\"Gonzo&#8217;s Quest recension\">Recension<\/a>\n\t\t\t\t\t\t\t\t\t\t\t\t\t\t\t\t\t\t\t<a href=\"https:\/\/www.casinohighlights.com\/se\/go\/playojo\/\" rel=\"nofollow\" title=\"Spela nu\" class=\"button button_green\">Spela nu<\/a>\n\t\t\t\t\t\t\t\t\t\t\t<\/div>\n\t\t\t\t<\/div>    \n\t\t\t<\/article>\t\t\n\t\t\n\t\t\t\t\t\t\t\t\t\n\t\t\t<article class=\"slotitem\" data-mh=\"list_slotitem\">\n\n\t\t\t\t<span class=\"counter\">8<\/span>\n\n\t\t\t\t\t\t\t\t\t<div class=\"post_image\">\n\t\t\t\t\t\t<a href=\"https:\/\/www.casinohighlights.com\/se\/slots\/elements-the-awakening\/\" title=\"Elements: The Awakening\">\n\t\t\t\t\t\t\t\t\t\t\t\t\t\t<img decoding=\"async\" src=\"https:\/\/www.casinohighlights.com\/se\/wp-content\/themes\/casinohighlights\/library\/img\/placeholder-455x240_transp.gif\" data-src=\"https:\/\/www.casinohighlights.com\/se\/wp-content\/uploads\/sites\/3\/2015\/12\/elements-slot-net-entertainment-455x240.png\" class=\"b-lazy\" alt=\"Elements: The Awakening slottrecension\" \/>\t\t\t\t\t\t<\/a>\n\t\t\t\t\t<\/div>\n\t\t\t\t\t\n\n\t\t\t\t<div class=\"content\">\n\t\t\t\t\t\n\t\t\t\t\t<h2><a href=\"https:\/\/www.casinohighlights.com\/se\/slots\/elements-the-awakening\/\" rel=\"bookmark\" title=\"Elements: The Awakening recension\">Elements: The Awakening<\/a><\/h2>\n\t\t\n\t\t\t\t\t<div class=\"score\">\n\t\t\t\t\t\t<span class=\"number\">6.3<\/span>\n\t\t\t\t\t\t<span class=\"stars\">\n\t\t\t\t\t\t<i class=\"fas fa-star empty-star\"><\/i><i class=\"fas fa-star empty-star\"><\/i><i class=\"fas fa-star empty-star\"><\/i><span class=\"half-star\"><i class=\"fas fa-star\"><\/i><i class=\"fas fa-star-half\"><\/i><\/span><i class=\"fas fa-star\"><\/i><i class=\"fas fa-star\"><\/i><i class=\"fas fa-star\"><\/i><i class=\"fas fa-star\"><\/i><i class=\"fas fa-star\"><\/i><i class=\"fas fa-star\"><\/i>\t\t\t\t\t\t<\/span>\n\t\t\t\t\t<\/div>\n\t\t\t\t\t\n\t\t\t\t\t<div class=\"buttons\">\n\t\t\t\t\t\t<a href=\"https:\/\/www.casinohighlights.com\/se\/slots\/elements-the-awakening\/\" rel=\"bookmark\" class=\"button\" title=\"Elements: The Awakening recension\">Recension<\/a>\n\t\t\t\t\t\t\t\t\t\t\t\t\t\t\t\t\t\t\t<a href=\"https:\/\/www.casinohighlights.com\/se\/go\/playojo\/\" rel=\"nofollow\" title=\"Spela nu\" class=\"button button_green\">Spela nu<\/a>\n\t\t\t\t\t\t\t\t\t\t\t<\/div>\n\t\t\t\t<\/div>    \n\t\t\t<\/article>\t\t\n\t\t\n\t\t\t\t\t\t\t\t\t\n\t\t\t<article class=\"slotitem\" data-mh=\"list_slotitem\">\n\n\t\t\t\t<span class=\"counter\">9<\/span>\n\n\t\t\t\t\t\t\t\t\t<div class=\"post_image\">\n\t\t\t\t\t\t<a href=\"https:\/\/www.casinohighlights.com\/se\/slots\/glow\/\" title=\"Glow\">\n\t\t\t\t\t\t\t\t\t\t\t\t\t\t<img decoding=\"async\" src=\"https:\/\/www.casinohighlights.com\/se\/wp-content\/themes\/casinohighlights\/library\/img\/placeholder-455x240_transp.gif\" data-src=\"https:\/\/www.casinohighlights.com\/se\/wp-content\/uploads\/sites\/3\/2015\/12\/glow-slot-net-entertainment-455x240.png\" class=\"b-lazy\" alt=\"Glow slottrecension\" \/>\t\t\t\t\t\t<\/a>\n\t\t\t\t\t<\/div>\n\t\t\t\t\t\n\n\t\t\t\t<div class=\"content\">\n\t\t\t\t\t\n\t\t\t\t\t<h2><a href=\"https:\/\/www.casinohighlights.com\/se\/slots\/glow\/\" rel=\"bookmark\" title=\"Glow recension\">Glow<\/a><\/h2>\n\t\t\n\t\t\t\t\t<div class=\"score\">\n\t\t\t\t\t\t<span class=\"number\">6.3<\/span>\n\t\t\t\t\t\t<span class=\"stars\">\n\t\t\t\t\t\t<i class=\"fas fa-star empty-star\"><\/i><i class=\"fas fa-star empty-star\"><\/i><i class=\"fas fa-star empty-star\"><\/i><span class=\"half-star\"><i class=\"fas fa-star\"><\/i><i class=\"fas fa-star-half\"><\/i><\/span><i class=\"fas fa-star\"><\/i><i class=\"fas fa-star\"><\/i><i class=\"fas fa-star\"><\/i><i class=\"fas fa-star\"><\/i><i class=\"fas fa-star\"><\/i><i class=\"fas fa-star\"><\/i>\t\t\t\t\t\t<\/span>\n\t\t\t\t\t<\/div>\n\t\t\t\t\t\n\t\t\t\t\t<div class=\"buttons\">\n\t\t\t\t\t\t<a href=\"https:\/\/www.casinohighlights.com\/se\/slots\/glow\/\" rel=\"bookmark\" class=\"button\" title=\"Glow recension\">Recension<\/a>\n\t\t\t\t\t\t\t\t\t\t\t\t\t\t\t\t\t\t\t<a href=\"https:\/\/www.casinohighlights.com\/se\/go\/playojo\/\" rel=\"nofollow\" title=\"Spela nu\" class=\"button button_green\">Spela nu<\/a>\n\t\t\t\t\t\t\t\t\t\t\t<\/div>\n\t\t\t\t<\/div>    \n\t\t\t<\/article>\t\t\n\t\t\t\t\t\t\t\t\n\t<\/div>\n\t\n\t<a href=\"https:\/\/www.casinohighlights.com\/se\/slots\/\" title=\"Visa alla slottar\" class=\"button view_all\">Visa alla<\/a>\n<\/section>\n","protected":false},"excerpt":{"rendered":"<p>Glow \u00e4r spelet med indiantema, \u00e5tminstone sett till symbolerna. Men i sj\u00e4lva verket \u00e4r det baserat p\u00e5 Aurora Borealis, som betyder norrsken och \u00e4r synligt i specifika delar av v\u00e4rlden. Spelets h\u00e4ftiga grafik och de elektoriska f\u00e4rgerna skapar en grym 3D-effekt. Glow har 15 vinstlinjer och ger vinster p\u00e5 up till $20,000.<\/p>\n","protected":false},"author":1,"featured_media":0,"parent":0,"menu_order":0,"comment_status":"closed","ping_status":"closed","template":"","meta":{"_yoast_wpseo_title":"","_yoast_wpseo_metadesc":"","_yoast_wpseo_focuskw":"","footnotes":""},"class_list":["post-2414","page","type-page","status-publish","hentry"],"_links":{"self":[{"href":"https:\/\/www.casinohighlights.com\/se\/wp-json\/wp\/v2\/pages\/2414","targetHints":{"allow":["GET"]}}],"collection":[{"href":"https:\/\/www.casinohighlights.com\/se\/wp-json\/wp\/v2\/pages"}],"about":[{"href":"https:\/\/www.casinohighlights.com\/se\/wp-json\/wp\/v2\/types\/page"}],"author":[{"embeddable":true,"href":"https:\/\/www.casinohighlights.com\/se\/wp-json\/wp\/v2\/users\/1"}],"replies":[{"embeddable":true,"href":"https:\/\/www.casinohighlights.com\/se\/wp-json\/wp\/v2\/comments?post=2414"}],"version-history":[{"count":2,"href":"https:\/\/www.casinohighlights.com\/se\/wp-json\/wp\/v2\/pages\/2414\/revisions"}],"predecessor-version":[{"id":2419,"href":"https:\/\/www.casinohighlights.com\/se\/wp-json\/wp\/v2\/pages\/2414\/revisions\/2419"}],"wp:attachment":[{"href":"https:\/\/www.casinohighlights.com\/se\/wp-json\/wp\/v2\/media?parent=2414"}],"curies":[{"name":"wp","href":"https:\/\/api.w.org\/{rel}","templated":true}]}}